{"id":104,"date":"2020-03-12T08:29:05","date_gmt":"2020-03-12T06:29:05","guid":{"rendered":"https:\/\/dwc.ro\/?page_id=104"},"modified":"2020-04-08T11:57:01","modified_gmt":"2020-04-08T09:57:01","slug":"partner-program","status":"publish","type":"page","link":"https:\/\/dwc.ro\/ro\/partner-program\/","title":{"rendered":"Partner-Program"},"content":{"rendered":"<div class=\"vc_row wpb_row vc_row-fluid\"><div class=\"wpb_column vc_column_container vc_col-sm-12\"><div class=\"vc_column-inner\"><div class=\"wpb_wrapper\"><div class=\"vc_empty_space\"   style=\"height: 32px\"><span class=\"vc_empty_space_inner\"><\/span><\/div><div class=\"vc_row wpb_row vc_inner vc_row-fluid\"><div class=\"wpb_column vc_column_container vc_col-sm-8\"><div class=\"vc_column-inner\"><div class=\"wpb_wrapper\">\n\t<div class=\"wpb_text_column wpb_content_element\" >\n\t\t<div class=\"wpb_wrapper\">\n\t\t\t<p style=\"text-align: justify;\"><strong>BUSINESS-PARTNER-PROGRAM<\/strong><\/p>\n<p style=\"text-align: justify;\">Das Business-Partner Programm erkennt man am Aufkleber<br \/>\nDas Business-Partner-Programm der Deutschen- und deutschsprachigen Wirtschaftsclubs in Rum\u00e4nien erstreckt sich auf das ganze Land und wird schrittweise auf Europa ausgeweitet. Es basiert auf dem einfachen Prinzip des Mengenrabatts. Die teilnehmenden Wirtschaftsclubs besch\u00e4ftigen mit ihren rund 1.000 Mitgliedsunternehmen \u00fcber 500.000 Mitarbeiter. Soviele potentielle Kunden konsumieren entsprechend. Gezielt sprechen wir f\u00fcr unsere Unternehmergemeinschaft potentielle Lieferanten an, die sich durch Qualit\u00e4t und Leistung als Lieferanten und Handelspartner qualifizieren. Durch entsprechende Preisnachl\u00e4sse und zuvorkommende Serviceleistungen zeigen unsere Business-Partner, dass sie ernsthaft an einer langfristigen Wirtschaftsbeziehung mit unseren Mitgliedsunternehmen interessiert sind. Die Business-Partner der Deutschen- und deutschsprachigen Wirtschaftsclubs in Rum\u00e4nien erkennt man am Aufkleber (siehe Grafik oben rechts), der gut sichtbar im Eingangsbereich angebracht ist.<\/p>\n\n\t\t<\/div>\n\t<\/div>\n<\/div><\/div><\/div><div class=\"wpb_column vc_column_container vc_col-sm-4\"><div class=\"vc_column-inner\"><div class=\"wpb_wrapper\"><div class=\"vc_empty_space\"   style=\"height: 68px\"><span class=\"vc_empty_space_inner\"><\/span><\/div>\n\t<div  class=\"wpb_single_image wpb_content_element vc_align_center\">\n\t\t\n\t\t<figure class=\"wpb_wrapper vc_figure\">\n\t\t\t<div class=\"vc_single_image-wrapper vc_box_outline  vc_box_border_grey\"><img width=\"240\" height=\"111\" src=\"https:\/\/dwc.ro\/wp-content\/uploads\/2020\/04\/partner-programm.html_IMAGERIGHT-1.jpg\" class=\"vc_single_image-img attachment-full\" alt=\"\" decoding=\"async\" loading=\"lazy\" \/><\/div>\n\t\t<\/figure>\n\t<\/div>\n<\/div><\/div><\/div><\/div><div class=\"vc_separator wpb_content_element vc_separator_align_center vc_sep_width_70 vc_sep_shadow vc_sep_pos_align_center vc_separator_no_text vc_sep_color_grey\" ><span class=\"vc_sep_holder vc_sep_holder_l\"><span  class=\"vc_sep_line\"><\/span><\/span><span class=\"vc_sep_holder vc_sep_holder_r\"><span  class=\"vc_sep_line\"><\/span><\/span>\n<\/div><\/div><\/div><\/div><\/div><div class=\"vc_row wpb_row vc_row-fluid\"><div class=\"wpb_column vc_column_container vc_col-sm-12\"><div class=\"vc_column-inner\"><div class=\"wpb_wrapper\">\n\t<div class=\"wpb_text_column wpb_content_element\" >\n\t\t<div class=\"wpb_wrapper\">\n\t\t\t<p style=\"text-align: justify;\"><strong>Wichtig f\u00fcr Business Partner!<\/strong><br \/>\nWirtschaftsclub Mitglieder besitzen einen g\u00fcltigen Mitgliedsausweis. Lassen Sie sich in jedem Fall den Ausweis zeigen und \u00fcberpr\u00fcfen Sie die darauf enthaltenen Daten. Zun\u00e4chst pr\u00fcfen Sie, ob das Passfoto auf dem Ausweis mit der Person \u00fcbereinstimmt, die Ihnen den Ausweis vorlegt. Nur Mitglieder, die Ihre Mitgliedsbeitr\u00e4ge eingezahlt haben erhalten g\u00fcltige Ausweise, achten Sie deshalb auf das G\u00fcltigkeitsdatum (unten in der Kartenmitte). Begleitpersonen erhalten die gleichen Konditionen wie Mitglieder selbst.<\/p>\n\n\t\t<\/div>\n\t<\/div>\n\n\t<div class=\"wpb_text_column wpb_content_element\" >\n\t\t<div class=\"wpb_wrapper\">\n\t\t\t<p style=\"text-align: justify;\"><strong>Wenn ein Mitglied keinen Mitgliedsausweis vorlegen kann<\/strong><br \/>\nObwohl die Clubs ihren Mitgliedern einen g\u00fcltigen Mitgliedsausweis zur Legitimation bei unseren Business-Partnern ausstellt, kann es passieren, dass unser Mitglied seinen Mitgliederausweis nicht bei sich f\u00fchrt. Sie erhalten als Business-Partner eine jeweils aktuelle Mitgliederliste. Lassen Sie sich einen Lichtbildausweis, z.B. F\u00fchrerschein oder Reisepass zeigen und suchen Sie \u00fcber die Namensspalte die entsprechende Person heraus.<\/p>\n\n\t\t<\/div>\n\t<\/div>\n\n\t<div class=\"wpb_text_column wpb_content_element\" >\n\t\t<div class=\"wpb_wrapper\">\n\t\t\t<p style=\"text-align: justify;\"><strong>Bei Vertragsverl\u00e4ngerung mit unseren Mitgliedsunternehmen<\/strong><br \/>\nDie Wirtschaftsclubs geben jeweils am Anfang eines Jahres neue Mitgliedsausweise an seine Mitglieder aus. Wenn Sie mit unseren Mitgliedsunternehmen Vertr\u00e4ge j\u00e4hrlich verl\u00e4ngern, lassen Sie sich am Jahresanfang den neuen Ausweis vorlegen, um sicherzugehen, dass es sich um ein noch aktuelles Mitglied handelt. F\u00fcr Missbrauch k\u00f6nnen wir keine Haftung \u00fcbernehmen.<\/p>\n\n\t\t<\/div>\n\t<\/div>\n<\/div><\/div><\/div><\/div>","protected":false},"excerpt":{"rendered":"BUSINESS-PARTNER-PROGRAM Das Business-Partner Programm erkennt man am Aufkleber Das Business-Partner-Programm der Deutschen- und deutschsprachigen Wirtschaftsclubs in Rum\u00e4nien erstreckt sich auf das ganze Land und wird schrittweise auf Europa ausgeweitet. Es basiert auf dem einfachen Prinzip des Mengenrabatts. Die teilnehmenden Wirtschaftsclubs&hellip;","protected":false},"author":1,"featured_media":0,"parent":0,"menu_order":0,"comment_status":"closed","ping_status":"closed","template":"templates\/no-sidebar.php","meta":[],"_links":{"self":[{"href":"https:\/\/dwc.ro\/ro\/wp-json\/wp\/v2\/pages\/104"}],"collection":[{"href":"https:\/\/dwc.ro\/ro\/wp-json\/wp\/v2\/pages"}],"about":[{"href":"https:\/\/dwc.ro\/ro\/wp-json\/wp\/v2\/types\/page"}],"author":[{"embeddable":true,"href":"https:\/\/dwc.ro\/ro\/wp-json\/wp\/v2\/users\/1"}],"replies":[{"embeddable":true,"href":"https:\/\/dwc.ro\/ro\/wp-json\/wp\/v2\/comments?post=104"}],"version-history":[{"count":11,"href":"https:\/\/dwc.ro\/ro\/wp-json\/wp\/v2\/pages\/104\/revisions"}],"predecessor-version":[{"id":2132,"href":"https:\/\/dwc.ro\/ro\/wp-json\/wp\/v2\/pages\/104\/revisions\/2132"}],"wp:attachment":[{"href":"https:\/\/dwc.ro\/ro\/wp-json\/wp\/v2\/media?parent=104"}],"curies":[{"name":"wp","href":"https:\/\/api.w.org\/{rel}","templated":true}]}}