{"id":2152,"date":"2020-04-08T12:31:08","date_gmt":"2020-04-08T10:31:08","guid":{"rendered":"https:\/\/dwc.ro\/?page_id=2152"},"modified":"2025-07-02T10:59:30","modified_gmt":"2025-07-02T08:59:30","slug":"data-protection-declaration","status":"publish","type":"page","link":"https:\/\/dwc.ro\/ro\/data-protection-declaration\/","title":{"rendered":"Data Protection Declaration"},"content":{"rendered":"<div class=\"vc_row wpb_row vc_row-fluid\"><div class=\"wpb_column vc_column_container vc_col-sm-12\"><div class=\"vc_column-inner\"><div class=\"wpb_wrapper\">\n\t<div class=\"wpb_text_column wpb_content_element\" >\n\t\t<div class=\"wpb_wrapper\">\n\t\t\t<p style=\"text-align: justify;\">Wenn Sie per Formular auf der Website oder per E-Mail Kontakt mit uns aufnehmen, werden Ihre angegebenen Daten zwecks Bearbeitung der Anfrage und f\u00fcr den Fall von Anschlussfragen sechs Monate bei uns gespeichert. Diese Daten geben wir nicht ohne Ihre Einwilligung weiter. Jede Bereitstellung von Daten an den Subauftragsverarbeiter basiert auf einem Angemessenheitsbeschluss der Europ\u00e4ischen Kommission (Selbstzertifizierung Privacy Shield).<\/p>\n<p style=\"text-align: justify;\"><strong>Analysezwecke<\/strong><\/p>\n<p style=\"text-align: justify;\">Dar\u00fcber hinaus werden Daten zu Analysezwecken erhoben und verwendet. Diese Datenverarbeitung erfolgt nicht personenbezogen (siehe hierzu nachstehend Informationen zu Cookies).<\/p>\n<p style=\"text-align: justify;\"><strong>Webshop<\/strong><\/p>\n<p style=\"text-align: justify;\">Zum Zweck des einfacheren Einkaufsvorganges und zur sp\u00e4teren Vertragsabwicklung werden \u2013 falls diese Website einen Webshop anbietet \u2013 folgende Daten erhoben: Titel, Name, Adresse, Telefonnummer, E-Mail-Adresse, Firmenname, UID-Nr., Bestelldatum, Bestellnummer, Bezahlart, Versandart, Produkt-Umfang, Kosten. Weiters k\u00f6nnen Session Cookies zum Einsatz kommen, die eine einfachere Abwicklung des Einkaufsvorganges bezwecken. Die im Session Cookie verarbeiteten Daten enthalten keinerlei Personenbezug.<\/p>\n<p style=\"text-align: justify;\">Die von Ihnen bereit gestellten Daten sind zur Vertragserf\u00fcllung bzw. zur Durchf\u00fchrung vorvertraglicher Ma\u00dfnahmen erforderlich. Ohne diese Daten k\u00f6nnen wir den Vertrag mit Ihnen nicht abschlie\u00dfen. Eine Daten\u00fcbermittlung an Dritte erfolgt nicht, mit Ausnahme der \u00dcbermittlung der Kreditkartendaten an die abwickelnden Bankinstitute\/Zahlungsdienstleister zum Zwecke der Abbuchung des Einkaufspreises, an das von uns beauftragte Transportunternehmen\/Versandunternehmen zur Zustellung der Ware sowie an unseren Steuerberater zur Erf\u00fcllung unserer steuerrechtlichen Verpflichtungen.<\/p>\n<p style=\"text-align: justify;\">Nach Abbruch des Einkaufsvorganges werden die vom Nutzer eingegebenen Daten noch zumindest vier Wochen gespeichert und dann gel\u00f6scht. Im Falle eines Vertragsabschlusses werden s\u00e4mtliche Daten aus dem Vertragsverh\u00e4ltnis f\u00fcr die Dauer des Vertragsverh\u00e4ltnisses sowie dar\u00fcber hinaus, solange Rechtsanspr\u00fcche hieraus ableitbar sind, gespeichert und sodann gel\u00f6scht, es sei denn es bestehen dar\u00fcberhinausgehende Aufbewahrungspflichten (z. B. steuerrechtliche).<\/p>\n<p style=\"text-align: justify;\"><strong>Webanalysedienst Google (Google Analytics)<\/strong><\/p>\n<p style=\"text-align: justify;\">Social Media<\/p>\n<p style=\"text-align: justify;\">Falls auf dieser Website Facebook Social Plugins zum Einsatz kommen, so werden diese von der Facebook Inc. (1 Hacker Way, Menlo Park, California 94025, USA) betrieben. Erkennbar sind die Einbindungen an dem Facebook-Logo bzw. an den Begriffen \u201eLike\u201c, \u201eGef\u00e4llt mir\u201c, \u201eTeilen\u201c in den Farben Facebooks (Blau und Wei\u00df). Informationen zu allen Facebook-Plugins finden Sie im folgenden Link: https:\/\/developers.facebook.com\/docs\/plugins\/<\/p>\n<p style=\"text-align: justify;\">Die Plugins werden erst aktiviert, wenn Sie auf die entsprechenden Schaltfl\u00e4chen klicken. Sofern diese ausgegraut angezeigt werden, sind die Plugins inaktiv. Sie haben die M\u00f6glichkeit, die Plugins bei jedem Besuch zu aktivieren.<\/p>\n<p style=\"text-align: justify;\">Die Plugins stellen eine direkte Verbindung zwischen Ihrem Browser und den Facebook-Servern her. Dies erfolgt erst nach der Aktivierung des Plugins. Der Websitebetreiber hat keinerlei Einfluss auf die Natur und den Umfang der Daten, welche das Plugin an die Server der Facebook Inc. \u00fcbermittelt. Informationen dazu finden Sie hier: https:\/\/www.facebook.com\/help\/186325668085084<\/p>\n<p style=\"text-align: justify;\">Das Plugin informiert die Facebook Inc. dar\u00fcber, dass Sie als Nutzer diese Website besucht haben. Es besteht hierbei die M\u00f6glichkeit, dass Ihre IP-Adresse gespeichert wird. Sind Sie w\u00e4hrend des Besuchs auf dieser Website in Ihrem Facebook-Konto eingeloggt, werden die genannten Informationen mit diesem verkn\u00fcpft.<\/p>\n<p style=\"text-align: justify;\">Rechtsgrundlage f\u00fcr die Datenverarbeitung:<\/p>\n<p style=\"text-align: justify;\">Auf der Website werden Daten ausschlie\u00dflich auf Grundlage der gesetzlichen Bestimmungen (DSGVO, TKG 2003) verarbeitet.<\/p>\n<p style=\"text-align: justify;\">Die Datenverarbeitung (Webshop, Produktbewertungen, Buchungstool und Nutzeraccount) erfolgt auf Grundlage des Art 6 Abs. 1 lit. b) (Vertragserf\u00fcllungszwecke) DSGVO.<\/p>\n<p style=\"text-align: justify;\">Im Falle des Einsatzes von Analysetools erfolgt die Datenverwendung auf Grundlage des Art 6 Abs. 1 lit f) (berechtigtes Interesse) DSGVO. Das berechtigte Interesse an der Datenverwendung ist die Verbesserung des Webauftritts sowie die Erfolgsmessung von Online-Werbung.<\/p>\n<p style=\"text-align: justify;\">Der Einsatz von IT-Datensicherheitsma\u00dfnahmen erfolgt ebenfalls auf Grundlage des Art 6 Abs. 1 lit f) (berechtigtes Interesse) DSGVO. Das berechtigte Interesse an der Datenverwendung ist die Absicherung der eigenen IT-Systeme.<\/p>\n<p style=\"text-align: justify;\">Der Einsatz von Social-Media-Plugins erfolgt nur nach Einwilligung. Rechtsgrundlage ist daher Art. 6 Abs. 1 lit a) DSGVO. Die Einwilligung ist bei jedem Website-Aufruf erneut zu erteilen.<\/p>\n<p style=\"text-align: justify;\">Ihre Rechte<\/p>\n<p style=\"text-align: justify;\">Ihnen stehen grunds\u00e4tzlich die Rechte auf Auskunft, Berichtigung, L\u00f6schung, Einschr\u00e4nkung der Verarbeitung, Daten\u00fcbertragbarkeit, Widerruf und Widerspruch zu. Wenn Sie glauben, dass die Verarbeitung Ihrer Daten gegen das Datenschutzrecht verst\u00f6\u00dft oder Ihre datenschutzrechtlichen Anspr\u00fcche sonst in einer Weise verletzt worden sind, k\u00f6nnen Sie sich bei der Aufsichtsbeh\u00f6rde beschweren. In \u00d6sterreich ist dies die Datenschutzbeh\u00f6rde.<\/p>\n\n\t\t<\/div>\n\t<\/div>\n<\/div><\/div><\/div><\/div>","protected":false},"excerpt":{"rendered":"Wenn Sie per Formular auf der Website oder per E-Mail Kontakt mit uns aufnehmen, werden Ihre angegebenen Daten zwecks Bearbeitung der Anfrage und f\u00fcr den Fall von Anschlussfragen sechs Monate bei uns gespeichert. Diese Daten geben wir nicht ohne Ihre&hellip;","protected":false},"author":1,"featured_media":0,"parent":0,"menu_order":0,"comment_status":"closed","ping_status":"closed","template":"templates\/no-sidebar.php","meta":[],"_links":{"self":[{"href":"https:\/\/dwc.ro\/ro\/wp-json\/wp\/v2\/pages\/2152"}],"collection":[{"href":"https:\/\/dwc.ro\/ro\/wp-json\/wp\/v2\/pages"}],"about":[{"href":"https:\/\/dwc.ro\/ro\/wp-json\/wp\/v2\/types\/page"}],"author":[{"embeddable":true,"href":"https:\/\/dwc.ro\/ro\/wp-json\/wp\/v2\/users\/1"}],"replies":[{"embeddable":true,"href":"https:\/\/dwc.ro\/ro\/wp-json\/wp\/v2\/comments?post=2152"}],"version-history":[{"count":5,"href":"https:\/\/dwc.ro\/ro\/wp-json\/wp\/v2\/pages\/2152\/revisions"}],"predecessor-version":[{"id":3766,"href":"https:\/\/dwc.ro\/ro\/wp-json\/wp\/v2\/pages\/2152\/revisions\/3766"}],"wp:attachment":[{"href":"https:\/\/dwc.ro\/ro\/wp-json\/wp\/v2\/media?parent=2152"}],"curies":[{"name":"wp","href":"https:\/\/api.w.org\/{rel}","templated":true}]}}