{"id":2154,"date":"2020-04-08T12:32:28","date_gmt":"2020-04-08T10:32:28","guid":{"rendered":"https:\/\/dwc.ro\/?page_id=2154"},"modified":"2020-04-08T12:32:28","modified_gmt":"2020-04-08T10:32:28","slug":"cookie-richtlinie","status":"publish","type":"page","link":"https:\/\/dwc.ro\/ro\/cookie-richtlinie\/","title":{"rendered":"Cookie-Richtlinie"},"content":{"rendered":"<h2 style=\"text-align: justify;\">Cookies<\/h2>\n<p style=\"text-align: justify;\">Unsere Webseite verwendet HTTP-Cookies, um nutzerspezifische Daten zu speichern.<br \/>\nIm Folgenden erkl\u00e4ren wir, was Cookies sind und warum Sie genutzt werden, damit Sie die folgende Datenschutzerkl\u00e4rung besser verstehen.<\/p>\n<h3 style=\"text-align: justify;\">Was genau sind Cookies?<\/h3>\n<p style=\"text-align: justify;\">Immer wenn Sie durch das Internet surfen, verwenden Sie einen Browser. Bekannte Browser sind beispielsweise Chrome, Safari, Firefox, Internet Explorer und Microsoft Edge. Die meisten Webseiten speichern kleine Text-Dateien in Ihrem Browser. Diese Dateien nennt man Cookies.<\/p>\n<p style=\"text-align: justify;\">Eines ist nicht von der Hand zu weisen: Cookies sind echt n\u00fctzliche Helferlein. Fast alle Webseiten verwenden\u00a0Cookies. Genauer gesprochen sind es HTTP-Cookies, da es auch noch andere Cookies f\u00fcr andere Anwendungsbereiche gibt. HTTP-Cookies\u00a0sind kleine Dateien, die von unserer Webseite auf Ihrem Computer gespeichert werden. Diese Cookie-Dateien werden automatisch im Cookie-Ordner, quasi dem \u201eHirn\u201c Ihres Browsers, untergebracht. Ein Cookie besteht aus einem Namen und einem Wert. Bei der Definition eines Cookies m\u00fcssen zus\u00e4tzlich ein oder mehrere Attribute angegeben werden.<\/p>\n<p style=\"text-align: justify;\">Cookies\u00a0speichern gewisse Nutzerdaten von Ihnen, wie beispielsweise Sprache oder pers\u00f6nliche Seiteneinstellungen. Wenn Sie unsere Seite wieder aufrufen, \u00fcbermittelt Ihr Browser die \u201euserbezogenen\u201c Informationen an unsere Seite zur\u00fcck. Dank der Cookies wei\u00df unsere Webseite, wer Sie sind und bietet Ihnen die Einstellung, die Sie gewohnt sind. In einigen Browsern hat jedes\u00a0Cookie\u00a0eine eigene Datei, in anderen wie beispielsweise Firefox sind alle\u00a0Cookies\u00a0in einer einzigen Datei gespeichert.<\/p>\n<p style=\"text-align: justify;\">Es gibt sowohl Erstanbieter Cookies als auch Drittanbieter-Cookies. Erstanbieter-Cookies werden direkt von unserer Seite erstellt, Drittanbieter-Cookies werden von Partner-Webseiten (z.B. Google Analytics) erstellt.\u00a0Jedes Cookie ist individuell zu bewerten, da jedes Cookie andere Daten speichert. Auch die Ablaufzeit eines Cookies variiert von ein paar Minuten bis hin zu ein paar Jahren.\u00a0Cookies sind keine Software-Programme und enthalten keine Viren, Trojaner oder andere \u201eSch\u00e4dlinge\u201c. Cookies k\u00f6nnen auch nicht auf Informationen Ihres PCs zugreifen.<\/p>\n<p style=\"text-align: justify;\">So k\u00f6nnen zum Beispiel Cookie-Daten aussehen:<\/p>\n<p style=\"text-align: justify;\"><strong>Name:<\/strong>\u00a0_ga<br \/>\n<strong>Wert:<\/strong>\u00a0GA1.2.1326744211.152211109114\u00a0<strong>Verwendungszweck:<\/strong>\u00a0Unterscheidung der Webseitenbesucher<br \/>\n<strong>Ablaufdatum:<\/strong>\u00a0nach 2 Jahren<\/p>\n<p style=\"text-align: justify;\">Diese Mindestgr\u00f6\u00dfen sollte ein Browser unterst\u00fctzen k\u00f6nnen:<\/p>\n<ul style=\"text-align: justify;\">\n<li>Mindestens 4096 Bytes pro Cookie<\/li>\n<li>Mindestens 50 Cookies pro Domain<\/li>\n<li>Mindestens 3000 Cookies insgesamt<\/li>\n<\/ul>\n<h3 style=\"text-align: justify;\">Welche Arten von Cookies gibt es?<\/h3>\n<p style=\"text-align: justify;\">Die Frage welche Cookies wir im Speziellen verwenden, h\u00e4ngt von den verwendeten Diensten ab und wird in den folgenden Abschnitten der Datenschutzerkl\u00e4rung gekl\u00e4rt. An dieser Stelle m\u00f6chten wir kurz auf die verschiedenen Arten von HTTP-Cookies eingehen.<\/p>\n<p style=\"text-align: justify;\">Man kann 4 Arten von Cookies unterscheiden:<\/p>\n<p style=\"text-align: justify;\"><strong>Unerl\u00e4ssliche Cookies<br \/>\n<\/strong>Diese Cookies sind n\u00f6tig, um grundlegende Funktionen der Webseite sicherzustellen. Zum Beispiel braucht es diese Cookies, wenn ein User ein Produkt in den Warenkorb legt, dann auf anderen Seiten weitersurft und sp\u00e4ter erst zur Kasse geht. Durch diese Cookies wird der Warenkorb nicht gel\u00f6scht, selbst wenn der User sein Browserfenster schlie\u00dft.<\/p>\n<p style=\"text-align: justify;\"><strong>Zweckm\u00e4\u00dfige Cookies<br \/>\n<\/strong>Diese Cookies sammeln Infos \u00fcber das Userverhalten und ob der User etwaige Fehlermeldungen bekommt. Zudem werden mithilfe dieser Cookies auch die Ladezeit und das Verhalten der Webseite bei verschiedenen Browsern gemessen.<\/p>\n<p style=\"text-align: justify;\"><strong>Zielorientierte Cookies<br \/>\n<\/strong>Diese Cookies sorgen f\u00fcr eine bessere Nutzerfreundlichkeit. Beispielsweise werden eingegebene Standorte, Schriftgr\u00f6\u00dfen oder Formulardaten gespeichert.<\/p>\n<p style=\"text-align: justify;\"><strong>Werbe-Cookies<br \/>\n<\/strong>Diese Cookies werden auch Targeting-Cookies genannt. Sie dienen dazu dem User individuell angepasste Werbung zu liefern. Das kann sehr praktisch, aber auch sehr nervig sein.<\/p>\n<p style=\"text-align: justify;\">\u00dcblicherweise werden Sie beim erstmaligen Besuch einer Webseite gefragt, welche dieser Cookiearten Sie zulassen m\u00f6chten. Und nat\u00fcrlich wird diese Entscheidung auch in einem Cookie gespeichert.<\/p>\n<h3 style=\"text-align: justify;\">Wie kann ich Cookies l\u00f6schen?<\/h3>\n<p style=\"text-align: justify;\">Wie und ob Sie Cookies verwenden wollen, entscheiden Sie selbst. Unabh\u00e4ngig von welchem Service oder welcher Webseite die Cookies stammen, haben Sie immer die M\u00f6glichkeit\u00a0Cookies zu l\u00f6schen, zu deaktivieren oder nur teilweise zuzulassen. Zum Beispiel k\u00f6nnen Sie Cookies von Drittanbietern blockieren, aber alle anderen Cookies zulassen.<\/p>\n<p style=\"text-align: justify;\">Wenn Sie feststellen m\u00f6chten, welche Cookies in Ihrem Browser gespeichert wurden, wenn Sie Cookie-Einstellungen \u00e4ndern oder l\u00f6schen wollen, k\u00f6nnen Sie dies in Ihren Browser-Einstellungen finden:<\/p>\n<p style=\"text-align: justify;\"><a href=\"https:\/\/support.google.com\/chrome\/answer\/95647?tid=211109114\" rel=\"nofollow\">Chrome: Cookies in Chrome l\u00f6schen, aktivieren und verwalten<\/a><\/p>\n<p style=\"text-align: justify;\"><a href=\"https:\/\/support.apple.com\/de-at\/guide\/safari\/sfri11471\/mac?tid=211109114\" rel=\"nofollow\">Safari: Verwalten von Cookies und Websitedaten mit Safari<\/a><\/p>\n<p style=\"text-align: justify;\"><a href=\"https:\/\/support.mozilla.org\/de\/kb\/cookies-und-website-daten-in-firefox-loschen?tid=211109114\" rel=\"nofollow\">Firefox: Cookies l\u00f6schen, um Daten zu entfernen, die Websites auf Ihrem Computer abgelegt haben<\/a><\/p>\n<p style=\"text-align: justify;\"><a href=\"https:\/\/support.microsoft.com\/de-at\/help\/17442\/windows-internet-explorer-delete-manage-cookies?tid=211109114\" rel=\"nofollow\">Internet Explorer: L\u00f6schen und Verwalten von Cookies<\/a><\/p>\n<p style=\"text-align: justify;\"><a href=\"https:\/\/support.microsoft.com\/de-at\/help\/4027947\/windows-delete-cookies?tid=211109114\" rel=\"nofollow\">Microsoft Edge: L\u00f6schen und Verwalten von Cookies<\/a><\/p>\n<p style=\"text-align: justify;\">Falls Sie grunds\u00e4tzlich keine Cookies haben wollen, k\u00f6nnen Sie Ihren Browser so einrichten, dass er Sie immer informiert, wenn ein Cookie gesetzt werden soll. So k\u00f6nnen Sie bei jedem einzelnen Cookie entscheiden, ob Sie das Cookie erlauben oder nicht. Die Vorgangsweise ist je nach Browser verschieden. Am besten Sie suchen die Anleitung in Google mit dem Suchbegriff \u201cCookies l\u00f6schen Chrome\u201d oder \u201eCookies deaktivieren Chrome\u201c im Falle eines Chrome Browsers.<\/p>\n<h3 style=\"text-align: justify;\">Wie sieht es mit meinem Datenschutz aus?<\/h3>\n<p style=\"text-align: justify;\">Seit 2009 gibt es die sogenannten \u201eCookie-Richtlinien\u201c. Darin ist festgehalten, dass das Speichern von Cookies eine Einwilligung des von Ihnen verlangt. Innerhalb der EU-L\u00e4nder gibt es allerdings noch sehr unterschiedliche Reaktionen auf diese Richtlinien. In \u00d6sterreich erfolgte aber die Umsetzung dieser Richtlinie in \u00a7 96 Abs. 3 des Telekommunikationsgesetzes (TKG).<\/p>\n<p style=\"text-align: justify;\">Wenn Sie mehr \u00fcber Cookies wissen m\u00f6chten und vor technischen Dokumentationen nicht zur\u00fcckscheuen, empfehlen wir\u00a0<a href=\"https:\/\/tools.ietf.org\/html\/rfc6265\" target=\"_blank\" rel=\"nofollow noopener noreferrer\">https:\/\/tools.ietf.org\/html\/rfc6265<\/a>, dem Request for Comments der Internet Engineering Task Force (IETF) namens \u201eHTTP State Management Mechanis<\/p>","protected":false},"excerpt":{"rendered":"<p>Cookies Unsere Webseite verwendet HTTP-Cookies, um nutzerspezifische Daten zu speichern. Im Folgenden erkl\u00e4ren wir, was Cookies sind und warum Sie genutzt werden, damit Sie die folgende Datenschutzerkl\u00e4rung besser verstehen. Was genau sind Cookies? Immer wenn Sie durch das Internet surfen,&hellip;<\/p>","protected":false},"author":1,"featured_media":0,"parent":0,"menu_order":0,"comment_status":"closed","ping_status":"closed","template":"templates\/no-sidebar.php","meta":[],"_links":{"self":[{"href":"https:\/\/dwc.ro\/ro\/wp-json\/wp\/v2\/pages\/2154"}],"collection":[{"href":"https:\/\/dwc.ro\/ro\/wp-json\/wp\/v2\/pages"}],"about":[{"href":"https:\/\/dwc.ro\/ro\/wp-json\/wp\/v2\/types\/page"}],"author":[{"embeddable":true,"href":"https:\/\/dwc.ro\/ro\/wp-json\/wp\/v2\/users\/1"}],"replies":[{"embeddable":true,"href":"https:\/\/dwc.ro\/ro\/wp-json\/wp\/v2\/comments?post=2154"}],"version-history":[{"count":1,"href":"https:\/\/dwc.ro\/ro\/wp-json\/wp\/v2\/pages\/2154\/revisions"}],"predecessor-version":[{"id":2155,"href":"https:\/\/dwc.ro\/ro\/wp-json\/wp\/v2\/pages\/2154\/revisions\/2155"}],"wp:attachment":[{"href":"https:\/\/dwc.ro\/ro\/wp-json\/wp\/v2\/media?parent=2154"}],"curies":[{"name":"wp","href":"https:\/\/api.w.org\/{rel}","templated":true}]}}