{"id":94,"date":"2020-03-12T08:26:30","date_gmt":"2020-03-12T06:26:30","guid":{"rendered":"https:\/\/dwc.ro\/?page_id=94"},"modified":"2020-04-04T15:19:48","modified_gmt":"2020-04-04T13:19:48","slug":"der-club","status":"publish","type":"page","link":"https:\/\/dwc.ro\/ro\/der-club\/","title":{"rendered":"Der Club"},"content":{"rendered":"<div class=\"vc_row wpb_row vc_row-fluid\"><div class=\"wpb_column vc_column_container vc_col-sm-12\"><div class=\"vc_column-inner\"><div class=\"wpb_wrapper\">\n\t<div class=\"wpb_text_column wpb_content_element\" >\n\t\t<div class=\"wpb_wrapper\">\n\t\t\t<p><span style=\"color: #050040;\"><strong>STARKER PARTNER IN EINER STARKEN REGION<\/strong><\/span><\/p>\n<p style=\"text-align: justify;\">Der Deutschsprachige Wirtschaftsclub Banat ist ein Zusammenschlu\u00df von Unternehmen aus Deutschland, \u00d6sterreich und der Schweiz sowie rum\u00e4nischen Firmen und interessierten Privatpersonen. Die Mitglieder des Clubs verbindet ihre gemeinsame Sprache und das Bestreben, ihre Interessen in einer zentralen, wirtschaftlich entwickelten und verkehrstechnisch gut erschlossenen Region gemeinsam zu vertreten. Seine Gesch\u00e4ftsstelle hat der Club in Temeswar, die Mitglieder kommen aus dem gesamten Kreis Timisoara.<\/p>\n<p style=\"text-align: justify;\">Der Wirtschaftsclub aus der Region Banat verfolgt die grundlegende Zielsetzung, die Handels- und Wirtschaftsbeziehungen zwischen der genannten Region in Temeswar und dem deutschsprachigen Raum zu f\u00f6rdern. Dadurch soll zu einer Erweiterung und St\u00e4rkung der Wirtschaftsbeziehungen zwischen dem deutschsprachigen Raum und zur F\u00f6rderung der Integration Rum\u00e4niens in die Europ\u00e4ische Gemeinschaft beigetragen werden.<\/p>\n<p style=\"text-align: justify;\"><span style=\"color: #050040;\"><strong>DER CLUB IST EIN FORUM F\u00dcR SEINE MITGLIEDER.<\/strong><\/span><\/p>\n<p style=\"text-align: justify;\">Hier k\u00f6nnen Informationen \u00fcber die Region und Hinweise f\u00fcr die Arbeit in Rum\u00e4nien ausgetauscht werden, es kann Hilfestellung bei Problemen geleistet werden und die Mitglieder stehen neuen Investoren f\u00fcr Gespr\u00e4che und Beratung zur Verf\u00fcgung. Dar\u00fcber hinaus stellt die Pflege von Kontakten und Beziehungen zu rum\u00e4nischen Beh\u00f6rden und Institutionen eine wichtige Aufgabe des Clubs dar.<\/p>\n<p style=\"text-align: justify;\">Dies gilt auch in gleicher Weise f\u00fcr rum\u00e4nische Unternehmen, die Kontakte nach Deutschland suchen oder f\u00fcr ausl\u00e4ndische Firmen, die in wirtschaftliche Beziehungen mit Firmen aus der Region treten wollen. Mitglied der Clubs k\u00f6nnen Unternehmer aus Deutschland, \u00d6sterreich und der Schweiz oder rum\u00e4nische Firmen sowie Privatpersonen aus der Region werden.<\/p>\n<p style=\"text-align: justify;\">Die rum\u00e4nischen Mitglieder sollten mit Unternehmen aus den genannten L\u00e4ndern eng kooperieren oder eine Beteiligung vorweisen k\u00f6nnen.<\/p>\n<p style=\"text-align: left;\"><span style=\"color: #050040;\"><strong>DER DEUTSCHSPRACHIGE WIRTSCHAFTSCLUB BANAT VERFOLGT KONKRETE ZIELE:<\/strong><\/span><\/p>\n<ul>\n<li style=\"text-align: justify;\">Wahrnehmung von wirtschaftlichen Interessen bei den deutschsprachigen und rum\u00e4nischen Regierungsstellen, K\u00f6rperschaften des \u00f6ffentlichen Rechts und Beh\u00f6rden;<\/li>\n<li style=\"text-align: justify;\">Unterst\u00fctzung im Umgang mit rum\u00e4nischen Beh\u00f6rden sowie Hilfestellung f\u00fcr seine Mitglieder bei der Erlangung der Aufenthalts- und Arbeitsgenehmigung;<\/li>\n<li style=\"text-align: justify;\">Sammlung und Weitergabe von Informationen \u00fcber die Wirtschaftssituation im deutschsprachigen Raum und Rum\u00e4nien, \u00fcber Stand und Entwicklung von wirtschafts- und handelspolitischen Fragen durch Publikationen, Rundschreiben, Merkbl\u00e4tter und sonstige Ver\u00f6ffentlichungen;<\/li>\n<li style=\"text-align: justify;\">Fortbildungsveranstaltungen und Seminare zur Vervollkommnung der fachlichen Kenntnisse f\u00fcr die rum\u00e4nischsprachigen Mitarbeiter der Unternehmen, die Mitglied des Vereins sind;<\/li>\n<li style=\"text-align: justify;\">F\u00f6rderung deutschsprachiger kultureller Veranstaltungen sowie Unterst\u00fctzung des deutschsprachigen Schulwesens, der deutschen Sprache als Fremdsprache und der deutschsprachigen Studieng\u00e4nge der Universit\u00e4t sowie der Technischen Universit\u00e4t.<\/li>\n<li style=\"text-align: justify;\">Bildung von Arbeitskreisen u.a. zu folgenden Themen und nach Bedarf: Handel, Zoll, Transport; Investitionen und Privatisierung; Recht; Steuern und Finanzen; Kultur.<\/li>\n<\/ul>\n\n\t\t<\/div>\n\t<\/div>\n<\/div><\/div><\/div><\/div>","protected":false},"excerpt":{"rendered":"STARKER PARTNER IN EINER STARKEN REGION Der Deutschsprachige Wirtschaftsclub Banat ist ein Zusammenschlu\u00df von Unternehmen aus Deutschland, \u00d6sterreich und der Schweiz sowie rum\u00e4nischen Firmen und interessierten Privatpersonen. Die Mitglieder des Clubs verbindet ihre gemeinsame Sprache und das Bestreben, ihre Interessen&hellip;","protected":false},"author":1,"featured_media":0,"parent":0,"menu_order":0,"comment_status":"closed","ping_status":"closed","template":"templates\/right-sidebar.php","meta":[],"_links":{"self":[{"href":"https:\/\/dwc.ro\/ro\/wp-json\/wp\/v2\/pages\/94"}],"collection":[{"href":"https:\/\/dwc.ro\/ro\/wp-json\/wp\/v2\/pages"}],"about":[{"href":"https:\/\/dwc.ro\/ro\/wp-json\/wp\/v2\/types\/page"}],"author":[{"embeddable":true,"href":"https:\/\/dwc.ro\/ro\/wp-json\/wp\/v2\/users\/1"}],"replies":[{"embeddable":true,"href":"https:\/\/dwc.ro\/ro\/wp-json\/wp\/v2\/comments?post=94"}],"version-history":[{"count":47,"href":"https:\/\/dwc.ro\/ro\/wp-json\/wp\/v2\/pages\/94\/revisions"}],"predecessor-version":[{"id":347,"href":"https:\/\/dwc.ro\/ro\/wp-json\/wp\/v2\/pages\/94\/revisions\/347"}],"wp:attachment":[{"href":"https:\/\/dwc.ro\/ro\/wp-json\/wp\/v2\/media?parent=94"}],"curies":[{"name":"wp","href":"https:\/\/api.w.org\/{rel}","templated":true}]}}